{"id":167,"date":"2025-04-23T11:47:31","date_gmt":"2025-04-23T09:47:31","guid":{"rendered":"https:\/\/pilatesinthecity.fr\/saint-etienne\/?page_id=167"},"modified":"2026-01-29T11:55:42","modified_gmt":"2026-01-29T10:55:42","slug":"planning-reservation","status":"publish","type":"page","link":"https:\/\/pilatesinthecity.fr\/saint-etienne\/planning-reservation\/","title":{"rendered":"Planning \/ r\u00e9servation"},"content":{"rendered":"\t\t<div data-elementor-type=\"wp-page\" data-elementor-id=\"167\" class=\"elementor elementor-167\" data-elementor-post-type=\"page\">\n\t\t\t\t<div class=\"elementor-element elementor-element-c57ab8b e-flex e-con-boxed e-con e-parent\" data-id=\"c57ab8b\" data-element_type=\"container\" data-e-type=\"container\" data-settings=\"{&quot;background_background&quot;:&quot;classic&quot;}\">\n\t\t\t\t\t<div class=\"e-con-inner\">\n\t\t\t\t<div class=\"elementor-element elementor-element-7f207f3 elementor-widget elementor-widget-heading\" data-id=\"7f207f3\" data-element_type=\"widget\" data-e-type=\"widget\" data-widget_type=\"heading.default\">\n\t\t\t\t<div class=\"elementor-widget-container\">\n\t\t\t\t\t<h1 class=\"elementor-heading-title elementor-size-default\">r\u00e9servation<\/h1>\t\t\t\t<\/div>\n\t\t\t\t<\/div>\n\t\t\t\t<div class=\"elementor-element elementor-element-30c94f2 elementor-widget elementor-widget-text-editor\" data-id=\"30c94f2\" data-element_type=\"widget\" data-e-type=\"widget\" data-widget_type=\"text-editor.default\">\n\t\t\t\t<div class=\"elementor-widget-container\">\n\t\t\t\t\t\t\t\t\t<p>Votre Studio est ouvert 7 jours sur 7<\/p>\t\t\t\t\t\t\t\t<\/div>\n\t\t\t\t<\/div>\n\t\t\t\t<div class=\"elementor-element elementor-element-69e48b3 elementor-widget elementor-widget-html\" data-id=\"69e48b3\" data-element_type=\"widget\" data-e-type=\"widget\" data-widget_type=\"html.default\">\n\t\t\t\t<div class=\"elementor-widget-container\">\n\t\t\t\t\t<!-- Mindbody Schedules widget begin -->\n<div class=\"mindbody-widget\" data-widget-type=\"Schedules\" data-widget-id=\"65408842518\"><\/div>\n<!-- Mindbody Schedules widget end -->\t\t\t\t<\/div>\n\t\t\t\t<\/div>\n\t\t\t\t\t<\/div>\n\t\t\t\t<\/div>\n\t\t<div class=\"elementor-element elementor-element-67b86e4 e-flex e-con-boxed e-con e-parent\" data-id=\"67b86e4\" data-element_type=\"container\" data-e-type=\"container\" data-settings=\"{&quot;background_background&quot;:&quot;classic&quot;}\">\n\t\t\t\t\t<div class=\"e-con-inner\">\n\t\t<div class=\"elementor-element elementor-element-93cd882 e-con-full e-flex e-con e-child\" data-id=\"93cd882\" data-element_type=\"container\" data-e-type=\"container\">\n\t\t\t\t<div class=\"elementor-element elementor-element-aa6ac7f elementor-widget elementor-widget-heading\" data-id=\"aa6ac7f\" data-element_type=\"widget\" data-e-type=\"widget\" data-widget_type=\"heading.default\">\n\t\t\t\t<div class=\"elementor-widget-container\">\n\t\t\t\t\t<h2 class=\"elementor-heading-title elementor-size-default\">Modalit\u00e9s &amp; infos pratiques<\/h2>\t\t\t\t<\/div>\n\t\t\t\t<\/div>\n\t\t\t\t<\/div>\n\t\t<div class=\"elementor-element elementor-element-62a4dea e-con-full e-flex e-con e-child\" data-id=\"62a4dea\" data-element_type=\"container\" data-e-type=\"container\">\n\t\t\t\t<div class=\"elementor-element elementor-element-4f9b3da elementor-widget elementor-widget-image\" data-id=\"4f9b3da\" data-element_type=\"widget\" data-e-type=\"widget\" data-widget_type=\"image.default\">\n\t\t\t\t<div class=\"elementor-widget-container\">\n\t\t\t\t\t\t\t\t\t\t\t\t\t\t\t<img decoding=\"async\" width=\"35\" height=\"56\" src=\"https:\/\/pilatesinthecity.fr\/saint-etienne\/wp-content\/uploads\/2025\/04\/Calque_1-2.png\" class=\"attachment-large size-large wp-image-258\" alt=\"\" \/>\t\t\t\t\t\t\t\t\t\t\t\t\t\t\t<\/div>\n\t\t\t\t<\/div>\n\t\t\t\t<\/div>\n\t\t\t\t\t<\/div>\n\t\t\t\t<\/div>\n\t\t<div class=\"elementor-element elementor-element-9217695 e-flex e-con-boxed e-con e-parent\" data-id=\"9217695\" data-element_type=\"container\" data-e-type=\"container\" data-settings=\"{&quot;background_background&quot;:&quot;classic&quot;}\">\n\t\t\t\t\t<div class=\"e-con-inner\">\n\t\t<div class=\"elementor-element elementor-element-032eb82 e-con-full e-flex e-con e-child\" data-id=\"032eb82\" data-element_type=\"container\" data-e-type=\"container\">\n\t\t\t\t<div class=\"elementor-element elementor-element-27efa6c elementor-widget__width-initial elementor-widget-mobile__width-initial elementor-widget elementor-widget-text-editor\" data-id=\"27efa6c\" data-element_type=\"widget\" data-e-type=\"widget\" data-widget_type=\"text-editor.default\">\n\t\t\t\t<div class=\"elementor-widget-container\">\n\t\t\t\t\t\t\t\t\t<em><strong>Les r\u00e9servations<\/strong><\/em> peuvent \u00eatre effectu\u00e9es <em><strong>jusqu\u2019\u00e0 <\/br>30 minutes avant le d\u00e9but de la s\u00e9ance.<\/strong><\/em>\t\t\t\t\t\t\t\t<\/div>\n\t\t\t\t<\/div>\n\t\t\t\t<div class=\"elementor-element elementor-element-4bea2b7 elementor-widget__width-initial elementor-widget-mobile__width-initial elementor-widget elementor-widget-text-editor\" data-id=\"4bea2b7\" data-element_type=\"widget\" data-e-type=\"widget\" data-widget_type=\"text-editor.default\">\n\t\t\t\t<div class=\"elementor-widget-container\">\n\t\t\t\t\t\t\t\t\t<p>Toute <em><strong>annulation \u00e0 moins de 10 heures<\/strong><\/em> de la s\u00e9ance entra\u00eene <em><strong>la perte de la s\u00e9ance.<\/strong><\/em><\/p>\t\t\t\t\t\t\t\t<\/div>\n\t\t\t\t<\/div>\n\t\t\t\t<div class=\"elementor-element elementor-element-7eb79cb elementor-widget__width-initial elementor-widget-mobile__width-initial elementor-widget elementor-widget-text-editor\" data-id=\"7eb79cb\" data-element_type=\"widget\" data-e-type=\"widget\" data-widget_type=\"text-editor.default\">\n\t\t\t\t<div class=\"elementor-widget-container\">\n\t\t\t\t\t\t\t\t\t<p>Si un cr\u00e9neau est complet, cliquez dessus pour vous inscrire sur la liste d\u2019attente et <em><strong>recevoir une notification<\/strong><\/em> d\u00e8s qu\u2019une place se lib\u00e8re.<\/p>\t\t\t\t\t\t\t\t<\/div>\n\t\t\t\t<\/div>\n\t\t\t\t<\/div>\n\t\t\t\t\t<\/div>\n\t\t\t\t<\/div>\n\t\t<div class=\"elementor-element elementor-element-abd3445 e-con-full e-flex e-con e-parent\" data-id=\"abd3445\" data-element_type=\"container\" data-e-type=\"container\" data-settings=\"{&quot;background_background&quot;:&quot;classic&quot;}\">\n\t\t<div class=\"elementor-element elementor-element-77e0c39 e-con-full e-flex e-con e-child\" data-id=\"77e0c39\" data-element_type=\"container\" data-e-type=\"container\" data-settings=\"{&quot;background_background&quot;:&quot;classic&quot;}\">\n\t\t\t\t<\/div>\n\t\t<div class=\"elementor-element elementor-element-ae6a7f9 e-con-full e-flex e-con e-child\" data-id=\"ae6a7f9\" data-element_type=\"container\" data-e-type=\"container\">\n\t\t<div class=\"elementor-element elementor-element-924c14f limite-gauche e-flex e-con-boxed e-con e-child\" data-id=\"924c14f\" data-element_type=\"container\" data-e-type=\"container\">\n\t\t\t\t\t<div class=\"e-con-inner\">\n\t\t\t\t<div class=\"elementor-element elementor-element-357960d elementor-widget__width-initial elementor-widget elementor-widget-heading\" data-id=\"357960d\" data-element_type=\"widget\" data-e-type=\"widget\" data-widget_type=\"heading.default\">\n\t\t\t\t<div class=\"elementor-widget-container\">\n\t\t\t\t\t<h3 class=\"elementor-heading-title elementor-size-default\">Chaussettes antid\u00e9rapantes obligatoires<\/h3>\t\t\t\t<\/div>\n\t\t\t\t<\/div>\n\t\t\t\t<div class=\"elementor-element elementor-element-d6651bf elementor-widget elementor-widget-text-editor\" data-id=\"d6651bf\" data-element_type=\"widget\" data-e-type=\"widget\" data-widget_type=\"text-editor.default\">\n\t\t\t\t<div class=\"elementor-widget-container\">\n\t\t\t\t\t\t\t\t\t<p>Pour des raisons d\u2019hygi\u00e8ne et de s\u00e9curit\u00e9, le port de chaussettes antid\u00e9rapantes est requis en s\u00e9ance.<\/p>\t\t\t\t\t\t\t\t<\/div>\n\t\t\t\t<\/div>\n\t\t\t\t<div class=\"elementor-element elementor-element-f54e9fe elementor-widget elementor-widget-text-editor\" data-id=\"f54e9fe\" data-element_type=\"widget\" data-e-type=\"widget\" data-widget_type=\"text-editor.default\">\n\t\t\t\t<div class=\"elementor-widget-container\">\n\t\t\t\t\t\t\t\t\t<p><em><strong>Pas \u00e9quip\u00e9\u00b7e ?<\/strong><\/em><br \/>Elles sont disponibles \u00e0 la vente<br \/>directement au studio.<\/p>\t\t\t\t\t\t\t\t<\/div>\n\t\t\t\t<\/div>\n\t\t\t\t\t<\/div>\n\t\t\t\t<\/div>\n\t\t\t\t<\/div>\n\t\t\t\t<\/div>\n\t\t\t\t<\/div>\n\t\t","protected":false},"excerpt":{"rendered":"<p>r\u00e9servation Votre Studio est ouvert 7 jours sur 7 Modalit\u00e9s &amp; infos pratiques Les r\u00e9servations peuvent \u00eatre effectu\u00e9es jusqu\u2019\u00e0 30 minutes avant le d\u00e9but de la s\u00e9ance. Toute annulation \u00e0 moins de 10 heures de la s\u00e9ance entra\u00eene la perte de la s\u00e9ance. Si un cr\u00e9neau est complet, cliquez dessus pour vous inscrire sur la [&hellip;]<\/p>\n","protected":false},"author":1,"featured_media":0,"parent":0,"menu_order":0,"comment_status":"closed","ping_status":"closed","template":"","meta":{"footnotes":""},"class_list":["post-167","page","type-page","status-publish","hentry"],"_links":{"self":[{"href":"https:\/\/pilatesinthecity.fr\/saint-etienne\/wp-json\/wp\/v2\/pages\/167","targetHints":{"allow":["GET"]}}],"collection":[{"href":"https:\/\/pilatesinthecity.fr\/saint-etienne\/wp-json\/wp\/v2\/pages"}],"about":[{"href":"https:\/\/pilatesinthecity.fr\/saint-etienne\/wp-json\/wp\/v2\/types\/page"}],"author":[{"embeddable":true,"href":"https:\/\/pilatesinthecity.fr\/saint-etienne\/wp-json\/wp\/v2\/users\/1"}],"replies":[{"embeddable":true,"href":"https:\/\/pilatesinthecity.fr\/saint-etienne\/wp-json\/wp\/v2\/comments?post=167"}],"version-history":[{"count":9,"href":"https:\/\/pilatesinthecity.fr\/saint-etienne\/wp-json\/wp\/v2\/pages\/167\/revisions"}],"predecessor-version":[{"id":1359,"href":"https:\/\/pilatesinthecity.fr\/saint-etienne\/wp-json\/wp\/v2\/pages\/167\/revisions\/1359"}],"wp:attachment":[{"href":"https:\/\/pilatesinthecity.fr\/saint-etienne\/wp-json\/wp\/v2\/media?parent=167"}],"curies":[{"name":"wp","href":"https:\/\/api.w.org\/{rel}","templated":true}]}}