{"id":588,"date":"2025-04-29T10:05:24","date_gmt":"2025-04-29T08:05:24","guid":{"rendered":"https:\/\/pilatesinthecity.fr\/saint-etienne\/?page_id=588"},"modified":"2025-04-29T10:41:20","modified_gmt":"2025-04-29T08:41:20","slug":"mentions-legales","status":"publish","type":"page","link":"https:\/\/pilatesinthecity.fr\/saint-etienne\/mentions-legales\/","title":{"rendered":"Mentions l\u00e9gales"},"content":{"rendered":"\t\t<div data-elementor-type=\"wp-page\" data-elementor-id=\"588\" class=\"elementor elementor-588\" data-elementor-post-type=\"page\">\n\t\t\t\t<div class=\"elementor-element elementor-element-99d8faa e-flex e-con-boxed e-con e-parent\" data-id=\"99d8faa\" data-element_type=\"container\" data-e-type=\"container\">\n\t\t\t\t\t<div class=\"e-con-inner\">\n\t\t\t\t<div class=\"elementor-element elementor-element-2730566 elementor-widget elementor-widget-heading\" data-id=\"2730566\" data-element_type=\"widget\" data-e-type=\"widget\" data-widget_type=\"heading.default\">\n\t\t\t\t<div class=\"elementor-widget-container\">\n\t\t\t\t\t<h1 class=\"elementor-heading-title elementor-size-default\">mentions l\u00e9gales<\/h1>\t\t\t\t<\/div>\n\t\t\t\t<\/div>\n\t\t\t\t<div class=\"elementor-element elementor-element-cd81dee elementor-widget elementor-widget-text-editor\" data-id=\"cd81dee\" data-element_type=\"widget\" data-e-type=\"widget\" data-widget_type=\"text-editor.default\">\n\t\t\t\t<div class=\"elementor-widget-container\">\n\t\t\t\t\t\t\t\t\t<h2>\u00c9diteur du site<\/h2><p>Pilate in the City &#8211; Soci\u00e9t\u00e9 par actions simplifi\u00e9e (Soci\u00e9t\u00e9 \u00e0 associ\u00e9 unique) au capital social de 1000 euros<\/p><p>immatricul\u00e9 sous le siret 939 239 729 00014<\/p><p>Nom de la responsable : Chlo\u00e9 Nedder<br \/>Adresse du si\u00e8ge 148 rue Bergson 42000 Saint-etienne<br \/>E-mail : hello@pilatesinthectiy.fr<\/p><p>TVA intracommunautaire : FR52 939 239 729<\/p><p>Responsable de la publication : Chlo\u00e9 Nedder, fondatrice<\/p><h2>H\u00e9bergeur<\/h2><p>OVH SAS 2 rue Kellermann \u2013 59100 Roubaix \u2013 France<br \/>T\u00e9l\u00e9phone : 1007 (gratuit depuis une ligne fixe en France)<br \/>Site internet : www.ovh.com<\/p><h2>Cr\u00e9ateur<\/h2><p>SITE LINE, <a href=\"http:\/\/www.siteline.fr\">www.siteline.fr<\/a>, agence web for\u00e9zienne, 06 83 86 79 82, contact@siteline.fr<\/p><p>Identit\u00e9 visuelle et maquettes graphiques cr\u00e9\u00e9es par Cl\u00e9ment ABRIAL, <a href=\"https:\/\/clementabrial.com\/\">www.clementabrial.com<\/a>, 06 13 94 90 36, clementabrial@gmail.com<\/p><h2>Propri\u00e9t\u00e9 intellectuelle<\/h2><p>L\u2019ensemble du contenu pr\u00e9sent sur ce site (textes, images, logo, vid\u00e9os, etc.) est la propri\u00e9t\u00e9 exclusive de Pilates in the City, sauf mention contraire. Toute reproduction, repr\u00e9sentation, modification, publication, adaptation de tout ou partie des \u00e9l\u00e9ments du site, quel que soit le moyen ou le proc\u00e9d\u00e9 utilis\u00e9, est interdite sans l&rsquo;autorisation \u00e9crite pr\u00e9alable de Pilates in the City.<\/p><h2>Donn\u00e9es personnelles<\/h2><p>Les informations recueillies via les formulaires du site (prise de contact, inscription, etc.) sont destin\u00e9es \u00e0 un usage interne uniquement. Conform\u00e9ment au R\u00e8glement G\u00e9n\u00e9ral sur la Protection des Donn\u00e9es (RGPD), vous disposez d\u2019un droit d\u2019acc\u00e8s, de rectification, de suppression et d\u2019opposition aux donn\u00e9es personnelles vous concernant. Pour exercer vos droits, veuillez nous contacter \u00e0 l\u2019adresse suivante : hello@pilatesinthecity.fr<\/p><h2>Cookies<\/h2><p>Le site Pilates in the City utilise des cookies pour am\u00e9liorer l\u2019exp\u00e9rience utilisateur, r\u00e9aliser des statistiques de visite, et proposer des contenus adapt\u00e9s. Vous pouvez refuser ou configurer leur utilisation depuis le bandeau de consentement affich\u00e9 lors de votre premi\u00e8re visite.<\/p><h2>Limitation de responsabilit\u00e9<\/h2><p>Pilates in the City ne saurait \u00eatre tenu pour responsable des erreurs rencontr\u00e9es sur le site, de probl\u00e8mes techniques, d\u2019interpr\u00e9tation des informations, ou des cons\u00e9quences de leur utilisation.<\/p>\t\t\t\t\t\t\t\t<\/div>\n\t\t\t\t<\/div>\n\t\t\t\t<div class=\"elementor-element elementor-element-cf93409 elementor-widget elementor-widget-text-editor\" data-id=\"cf93409\" data-element_type=\"widget\" data-e-type=\"widget\" data-widget_type=\"text-editor.default\">\n\t\t\t\t<div class=\"elementor-widget-container\">\n\t\t\t\t\t\t\t\t\t<p>Votre Studio est ouvert 7 jours sur 7<\/p>\t\t\t\t\t\t\t\t<\/div>\n\t\t\t\t<\/div>\n\t\t\t\t<div class=\"elementor-element elementor-element-8263c10 elementor-align-center elementor-widget elementor-widget-button\" data-id=\"8263c10\" data-element_type=\"widget\" data-e-type=\"widget\" data-widget_type=\"button.default\">\n\t\t\t\t<div class=\"elementor-widget-container\">\n\t\t\t\t\t\t\t\t\t<div class=\"elementor-button-wrapper\">\n\t\t\t\t\t<a class=\"elementor-button elementor-button-link elementor-size-sm\" href=\"#\">\n\t\t\t\t\t\t<span class=\"elementor-button-content-wrapper\">\n\t\t\t\t\t\t\t\t\t<span class=\"elementor-button-text\">Je r\u00e9serve mon cours<\/span>\n\t\t\t\t\t<\/span>\n\t\t\t\t\t<\/a>\n\t\t\t\t<\/div>\n\t\t\t\t\t\t\t\t<\/div>\n\t\t\t\t<\/div>\n\t\t\t\t\t<\/div>\n\t\t\t\t<\/div>\n\t\t\t\t<\/div>\n\t\t","protected":false},"excerpt":{"rendered":"<p>mentions l\u00e9gales \u00c9diteur du site Pilate in the City &#8211; Soci\u00e9t\u00e9 par actions simplifi\u00e9e (Soci\u00e9t\u00e9 \u00e0 associ\u00e9 unique) au capital social de 1000 euros immatricul\u00e9 sous le siret 939 239 729 00014 Nom de la responsable : Chlo\u00e9 NedderAdresse du si\u00e8ge 148 rue Bergson 42000 Saint-etienneE-mail : hello@pilatesinthectiy.fr TVA intracommunautaire : FR52 939 239 729 [&hellip;]<\/p>\n","protected":false},"author":1,"featured_media":0,"parent":0,"menu_order":0,"comment_status":"closed","ping_status":"closed","template":"","meta":{"footnotes":""},"class_list":["post-588","page","type-page","status-publish","hentry"],"_links":{"self":[{"href":"https:\/\/pilatesinthecity.fr\/saint-etienne\/wp-json\/wp\/v2\/pages\/588","targetHints":{"allow":["GET"]}}],"collection":[{"href":"https:\/\/pilatesinthecity.fr\/saint-etienne\/wp-json\/wp\/v2\/pages"}],"about":[{"href":"https:\/\/pilatesinthecity.fr\/saint-etienne\/wp-json\/wp\/v2\/types\/page"}],"author":[{"embeddable":true,"href":"https:\/\/pilatesinthecity.fr\/saint-etienne\/wp-json\/wp\/v2\/users\/1"}],"replies":[{"embeddable":true,"href":"https:\/\/pilatesinthecity.fr\/saint-etienne\/wp-json\/wp\/v2\/comments?post=588"}],"version-history":[{"count":0,"href":"https:\/\/pilatesinthecity.fr\/saint-etienne\/wp-json\/wp\/v2\/pages\/588\/revisions"}],"wp:attachment":[{"href":"https:\/\/pilatesinthecity.fr\/saint-etienne\/wp-json\/wp\/v2\/media?parent=588"}],"curies":[{"name":"wp","href":"https:\/\/api.w.org\/{rel}","templated":true}]}}